{"id":27166,"date":"2019-10-30T11:36:19","date_gmt":"2019-10-30T10:36:19","guid":{"rendered":"https:\/\/www.fahrrad-xxl.at\/blog\/?page_id=27166"},"modified":"2019-10-30T13:39:10","modified_gmt":"2019-10-30T12:39:10","slug":"sidebar-test","status":"publish","type":"page","link":"https:\/\/www.fahrrad-xxl.at\/blog\/sidebar-test\/","title":{"rendered":"Sidebar Test"},"content":{"rendered":"<section class=\"wpb-content-wrapper\"><p>[vc_row][vc_column width=&#8220;1\/1&#8243;][vc_column_text]Das Jahr 2020 steht bei Bergamont f\u00fcr die Erschlie\u00dfung neuer Segmente und die Anpassung an Markt und Mitbewerber. Die Eckdaten der neuen Produkte k\u00f6nnen sich sehen lassen und sind mit den Wettbewerb allemal auf Augenh\u00f6he. Wie es scheint kommt an dem Thema &#8222;Cargo Bike&#8220; mittlerweile kaum ein namhafter Hersteller mehr vorbei. Mit dem E-Cargoville LJ 70 positioniert sich Bergamont mit modernster Technik gegen etablierte Player auf diesem speziellen Sektor. Mit dem massivem Bambusboden setzt Bergamont ein weiteres Zeichen in Sachen Umweltbewusstsein.[\/vc_column_text][\/vc_column][\/vc_row][vc_row][vc_column width=&#8220;1\/1&#8243;][vc_column_text]<\/p>\n<h2><span class=\"ez-toc-section\" id=\"bergamont-e-horizon-fs-elite-2020\"><\/span>Bergamont E-Horizon FS Elite 2020<span class=\"ez-toc-section-end\"><\/span><\/h2>\n<p>[\/vc_column_text][\/vc_column][\/vc_row][vc_row][vc_column width=&#8220;1\/2&#8243;]<div class=\"single_image wpb_content_element align-center    \" data-animation=\"none\" data-delay=\"0\"><img width=\"500\" height=\"500\" src=\"https:\/\/www.fahrrad-xxl.at\/blog\/wp-content\/uploads\/2019\/10\/E-Horizon-FS-Elite.jpg\" class=\"attachment-full\" alt=\"Bergamont E-Horizon FS Elite 2020\" decoding=\"async\" loading=\"lazy\" title=\"Sidebar Test\" srcset=\"https:\/\/www.fahrrad-xxl.at\/blog\/wp-content\/uploads\/2019\/10\/E-Horizon-FS-Elite.jpg 500w, https:\/\/www.fahrrad-xxl.at\/blog\/wp-content\/uploads\/2019\/10\/E-Horizon-FS-Elite-150x150.jpg 150w, https:\/\/www.fahrrad-xxl.at\/blog\/wp-content\/uploads\/2019\/10\/E-Horizon-FS-Elite-300x300.jpg 300w, https:\/\/www.fahrrad-xxl.at\/blog\/wp-content\/uploads\/2019\/10\/E-Horizon-FS-Elite-80x80.jpg 80w\" sizes=\"(max-width: 500px) 100vw, 500px\" \/><span class=\"single_image_caption\">Bergamont E-Horizon FS Elite 2020<\/span><\/div>[\/vc_column][vc_column width=&#8220;1\/2&#8243;][vc_column_text]<strong>Bergamont E-Horizon FS Elite<\/strong><\/p>\n<p>Das FS Elite ist neben der Speed Variante das Top Model der weiterentwickelten E-Horizon Serie in der Full Suspension Variante. Nat\u00fcrlich hat das Bike die neueste Bosch Technologie mit dem Performance Line CX Gen.4 Motor genauso mit an Bord wie den voll integrierten 625 WH Akku und eine maximale Konnektivit\u00e4t via Kiox Display.<\/p>\n<p>Die weiteren Features:<\/p>\n<ul>\n<li>Shimano XT 12-Gang Schaltung<\/li>\n<li>100 mm Suntour Mobie 25 Federgabel, luftunterst\u00fctzt<\/li>\n<li>Suntour UNAir R8, 80 mm, Lockout<\/li>\n<li>180 mm Bremsscheiben vorne\/hinten<\/li>\n<li>B&amp;M Scheinwerfer mit 80 Lux<\/li>\n<\/ul>\n<p>Das Bike kommt mit Unisex Geometrie, mit geringer \u00dcberstandsh\u00f6he und tiefgezogenem Oberrohr. Neben dem FS Elite und der bereits erw\u00e4hnten Speed Variante runden das FS Expert 600 und das FS Edition die Fully E-Horizon Serie nach unten ab.[\/vc_column_text][\/vc_column][\/vc_row][vc_row][vc_column width=&#8220;1\/1&#8243;][vc_column_text]<\/p>\n<h2><span class=\"ez-toc-section\" id=\"bergamont-e-solace-elite-2020\"><\/span>Bergamont E-Solace Elite 2020<span class=\"ez-toc-section-end\"><\/span><\/h2>\n<p>[\/vc_column_text][\/vc_column][\/vc_row][vc_row][vc_column width=&#8220;1\/2&#8243;]<div class=\"single_image wpb_content_element align-center    \" data-animation=\"none\" data-delay=\"0\"><img width=\"500\" height=\"500\" src=\"https:\/\/www.fahrrad-xxl.at\/blog\/wp-content\/uploads\/2019\/10\/Bergamont-E-Solace-Elite.jpg\" class=\"attachment-full\" alt=\"Bergamont E-Solace Elite 2020\" decoding=\"async\" loading=\"lazy\" title=\"Sidebar Test\" srcset=\"https:\/\/www.fahrrad-xxl.at\/blog\/wp-content\/uploads\/2019\/10\/Bergamont-E-Solace-Elite.jpg 500w, https:\/\/www.fahrrad-xxl.at\/blog\/wp-content\/uploads\/2019\/10\/Bergamont-E-Solace-Elite-150x150.jpg 150w, https:\/\/www.fahrrad-xxl.at\/blog\/wp-content\/uploads\/2019\/10\/Bergamont-E-Solace-Elite-300x300.jpg 300w, https:\/\/www.fahrrad-xxl.at\/blog\/wp-content\/uploads\/2019\/10\/Bergamont-E-Solace-Elite-80x80.jpg 80w\" sizes=\"(max-width: 500px) 100vw, 500px\" \/><span class=\"single_image_caption\">Bergamont E-Solace Elite 2020<\/span><\/div>[\/vc_column][vc_column width=&#8220;1\/2&#8243;][vc_column_text]<strong>Bergamont E-Solace Elite<\/strong><\/p>\n<p>Das Solace ist ein klares Statement im urbanen Raum. Mit seiner neuartigen Unisex Rahmenkonstruktion mit markantem, geteiltem Oberrohrdesign und zeitlos moderner Silhouette f\u00fcgt es sich perfekt in das moderne Stadtbild ein. Es besticht dank des geringen Gesamtgewichts durch seine Agilit\u00e4t. Das E-Solace profitiert dabei von dem fortschrittlichen Fazua evation Antriebssystem, das leichteste und kompakteste seiner Klasse.<\/p>\n<p>Die weiteren Features:<\/p>\n<ul>\n<li>Leergewicht ca. 20,5 kg<\/li>\n<li>B&amp;M 70 Lux Scheinwerfer<\/li>\n<li>Wartungsarme Shimano Alfine 11-Gang Nabenschaltung<\/li>\n<li>Formschl\u00fcssig, elegant ins Oberrohr integriertes Bedienelement<\/li>\n<li>Formsch\u00f6nes Racktime Gep\u00e4cktr\u00e4ger Konzept mit multifunktionalem Snapit System<\/li>\n<\/ul>\n<p>Die neuartige Unisex Rahmenkonstruktion mit seinem markantem, geteiltem Oberrohrdesign beschert dem E-Solace Elite einen enormen Wiedererkennungswert.[\/vc_column_text][\/vc_column][\/vc_row][vc_row][vc_column width=&#8220;1\/1&#8243;][vc_column_text]<\/p>\n<h2><span class=\"ez-toc-section\" id=\"bergamont-e-grandurance-elite-2020\"><\/span>Bergamont E-Grandurance Elite 2020<span class=\"ez-toc-section-end\"><\/span><\/h2>\n<p>[\/vc_column_text][\/vc_column][\/vc_row][vc_row][vc_column width=&#8220;1\/2&#8243;]<div class=\"single_image wpb_content_element align-center    \" data-animation=\"none\" data-delay=\"0\"><img width=\"500\" height=\"500\" src=\"https:\/\/www.fahrrad-xxl.at\/blog\/wp-content\/uploads\/2019\/10\/E-Grandurance-Elite.jpg\" class=\"attachment-full\" alt=\"Bergamont E-Grandurance Elite 2020\" decoding=\"async\" loading=\"lazy\" title=\"Sidebar Test\" srcset=\"https:\/\/www.fahrrad-xxl.at\/blog\/wp-content\/uploads\/2019\/10\/E-Grandurance-Elite.jpg 500w, https:\/\/www.fahrrad-xxl.at\/blog\/wp-content\/uploads\/2019\/10\/E-Grandurance-Elite-150x150.jpg 150w, https:\/\/www.fahrrad-xxl.at\/blog\/wp-content\/uploads\/2019\/10\/E-Grandurance-Elite-300x300.jpg 300w, https:\/\/www.fahrrad-xxl.at\/blog\/wp-content\/uploads\/2019\/10\/E-Grandurance-Elite-80x80.jpg 80w\" sizes=\"(max-width: 500px) 100vw, 500px\" \/><span class=\"single_image_caption\">Bergamont E-Grandurance Elite 2020<\/span><\/div>[\/vc_column][vc_column width=&#8220;1\/2&#8243;][vc_column_text]<strong>Bergamont E-Grandurance Elite<\/strong><\/p>\n<p>Das Grandurance ist eine multifunktionelle All-Road Maschine. Die erfolgreichen Grandurance All Road Gene, gepaart mit dem leichten, innovativen Fazua Antrieb sowie den Eigenschaften der neuen Gravel spezifischen Shimano GRX Gruppe heben das Gravel Riden auf ein neues Niveau.<\/p>\n<p>Die weiteren Features:<\/p>\n<ul>\n<li>Leergewicht ca. 15,2 kg<\/li>\n<li>Shimano GRX, RD-RX812, Shadow Plus\u00a0 Schaltwerk<\/li>\n<li>Shimano GRX hydraulische Scheibenbremse, 160 mm Durchmesser vorn\/hinten<\/li>\n<li>DT Swiss GR1600 Felgen<\/li>\n<li>Schwalbe G-One Allround Faltreifen, Raceguard, 35-622<\/li>\n<\/ul>\n<p>F\u00fcr die Nutzung im Alltag steht die &#8222;RD Expert&#8220; Variante zur Verf\u00fcgung &#8211; hier sind Gep\u00e4cktr\u00e4ger, Beleuchtung und Schutzbleche bereits werksseitig montiert.[\/vc_column_text][\/vc_column][\/vc_row][vc_row][vc_column width=&#8220;1\/1&#8243;][vc_column_text]<\/p>\n<h2><span class=\"ez-toc-section\" id=\"bergamont-e-cargoville-bakery-2020\"><\/span>Bergamont E-Cargoville Bakery 2020<span class=\"ez-toc-section-end\"><\/span><\/h2>\n<p>[\/vc_column_text][\/vc_column][\/vc_row][vc_row][vc_column width=&#8220;1\/2&#8243;]<div class=\"single_image wpb_content_element align-center    \" data-animation=\"none\" data-delay=\"0\"><img width=\"500\" height=\"500\" src=\"https:\/\/www.fahrrad-xxl.at\/blog\/wp-content\/uploads\/2019\/10\/Bergamont-E-Cargoville-Bakery.jpg\" class=\"attachment-full\" alt=\"Bergamont E-Cargoville Bakery 2020\" decoding=\"async\" loading=\"lazy\" title=\"Sidebar Test\" srcset=\"https:\/\/www.fahrrad-xxl.at\/blog\/wp-content\/uploads\/2019\/10\/Bergamont-E-Cargoville-Bakery.jpg 500w, https:\/\/www.fahrrad-xxl.at\/blog\/wp-content\/uploads\/2019\/10\/Bergamont-E-Cargoville-Bakery-150x150.jpg 150w, https:\/\/www.fahrrad-xxl.at\/blog\/wp-content\/uploads\/2019\/10\/Bergamont-E-Cargoville-Bakery-300x300.jpg 300w, https:\/\/www.fahrrad-xxl.at\/blog\/wp-content\/uploads\/2019\/10\/Bergamont-E-Cargoville-Bakery-80x80.jpg 80w\" sizes=\"(max-width: 500px) 100vw, 500px\" \/><span class=\"single_image_caption\">Bergamont E-Cargoville Bakery 2020<\/span><\/div>[\/vc_column][vc_column width=&#8220;1\/2&#8243;][vc_column_text]<strong>Bergamont E-Cargoville Bakery<\/strong><\/p>\n<p>Das E-Cargoville Bakery ist Bergamonts Einstieg in den Cargo Bike Bereich und ein echter Allesk\u00f6nner. Mit ihm lassen sich alle mittelschweren Lasten vom Wochenkauf bis hin zu gewerblichen G\u00fctern stress- und emissionsfrei transportieren. Die Kombination aus kraftvollem Bosch Antrieb, tiefem Massenschwerpunkt und ergonomischem Gesamtkonzept sorgt f\u00fcr ein dynamisches, sicheres Handling.<\/p>\n<p>Die weiteren Features:<\/p>\n<ul>\n<li>160 kg zul\u00e4ssiges Gesamtgewicht<\/li>\n<li>Ergonomisches, dynamisches Rahmendesign mit gro\u00dfz\u00fcgigem Durchstieg und tiefem Schwerpunkt<\/li>\n<li>Flexible Lastverteilung auf zwei massiven, fest integrierten Atran AVS Tr\u00e4gersystemen<\/li>\n<li>Smarte und gesch\u00fctzte Platzierung der Bosch 500 Wh PowerPack Batterie<\/li>\n<li>Zuverl\u00e4ssige Bosch Performance Line Drive Unit in Kombination mit stufenloser enviolo Nabenschaltung<\/li>\n<li>Sicherheitspaket mit hydraulischer Magura MT30 Scheibenbremse, 50 Lux Busch + M\u00fcller LED Lichtanlage und stabilem Atran Zweibeinst\u00e4nder<\/li>\n<\/ul>\n<p>E-Cargoville Bakery &#8211; der Name ist Programm![\/vc_column_text][\/vc_column][\/vc_row][vc_row][vc_column width=&#8220;1\/1&#8243;][vc_column_text]<\/p>\n<h2><span class=\"ez-toc-section\" id=\"bergamont-e-cargoville-lj-70-2020\"><\/span>Bergamont E-Cargoville LJ 70 2020<span class=\"ez-toc-section-end\"><\/span><\/h2>\n<p>[\/vc_column_text][\/vc_column][\/vc_row][vc_row][vc_column width=&#8220;1\/2&#8243;]<div class=\"single_image wpb_content_element align-center    \" data-animation=\"none\" data-delay=\"0\"><img width=\"500\" height=\"308\" src=\"https:\/\/www.fahrrad-xxl.at\/blog\/wp-content\/uploads\/2019\/10\/Bergamont-E-Cargoville-LJ-70.jpg\" class=\"attachment-full\" alt=\"Bergamont E-Cargoville LJ 70 2020\" decoding=\"async\" loading=\"lazy\" title=\"Sidebar Test\" srcset=\"https:\/\/www.fahrrad-xxl.at\/blog\/wp-content\/uploads\/2019\/10\/Bergamont-E-Cargoville-LJ-70.jpg 500w, https:\/\/www.fahrrad-xxl.at\/blog\/wp-content\/uploads\/2019\/10\/Bergamont-E-Cargoville-LJ-70-300x185.jpg 300w\" sizes=\"(max-width: 500px) 100vw, 500px\" \/><span class=\"single_image_caption\">Bergamont E-Cargoville LJ 70 2020<\/span><\/div><div class=\"single_image wpb_content_element align-center    \" data-animation=\"none\" data-delay=\"0\"><img width=\"500\" height=\"268\" src=\"https:\/\/www.fahrrad-xxl.at\/blog\/wp-content\/uploads\/2019\/10\/Bergamont_E-Liteville_Aufbauten_2020.jpg\" class=\"attachment-full\" alt=\"Bergamont Cargo Aufbauten 2020\" decoding=\"async\" loading=\"lazy\" title=\"Sidebar Test\" srcset=\"https:\/\/www.fahrrad-xxl.at\/blog\/wp-content\/uploads\/2019\/10\/Bergamont_E-Liteville_Aufbauten_2020.jpg 500w, https:\/\/www.fahrrad-xxl.at\/blog\/wp-content\/uploads\/2019\/10\/Bergamont_E-Liteville_Aufbauten_2020-300x161.jpg 300w\" sizes=\"(max-width: 500px) 100vw, 500px\" \/><span class=\"single_image_caption\">Bergamont Cargo Aufbauten 2020<\/span><\/div>[\/vc_column][vc_column width=&#8220;1\/2&#8243;][vc_column_text]<strong>Bergamont E-Cargoville LJ 70<\/strong><\/p>\n<p>Mit dem E-Cargoville LJ 70 gibt Bergamont sein Deb\u00fct in Sachen E-Schwerlastenrad. Ziel war es, ein zukunftweisendes, dynamisches E-Cargo Bike f\u00fcr den sicheren, schnellen, flexiblen und zuverl\u00e4ssigen Lastentransport zu entwickeln.<\/p>\n<p>Die\u00a0 Features:<\/p>\n<ul>\n<li>220 kg zul\u00e4ssiges Gesamtgewicht<\/li>\n<li>Universell einsetzbare, 70 cm lange, 45 cm breite, Ladefl\u00e4che aus massivem Holzboden, mit 90 kg Traglast.<\/li>\n<li>Maximale Integration der 625 Wh Bosch PowerTube Batterie in der markanten Lenks\u00e4ule.<\/li>\n<li>Optionale Anbindung einer zweiten Batterie am Sitzrohr.<\/li>\n<li>Cargo spezifischer Antrieb mit kraftvoller Bosch Cargo Line Drive Unit in Kombination mit stufenloser enviolo Nabenschaltung.<\/li>\n<li>Sicherheitspaket mit hydraulischer Magura CMe5 Cargo Scheibenbremse, 70 Lux Busch + M\u00fcller LED Lichtanlage und stabilem BGM Zweibeinst\u00e4nder + M\u00fcller LED Lichtanlage und stabilem Atran Zweibeinst\u00e4nder.<\/li>\n<\/ul>\n<p>Das innovative, massive Rahmenkonzept mit maximaler Integration, perfekter Ergonomie sowie intuitivem, sicherem und agilem Lenk- und Fahrverhalten \u00fcberzeugt auf Anhieb.[\/vc_column_text][\/vc_column][\/vc_row][vc_row][vc_column width=&#8220;1\/1&#8243;][vc_column_text]<\/p>\n<h2><span class=\"ez-toc-section\" id=\"fazit\"><\/span>Fazit<span class=\"ez-toc-section-end\"><\/span><\/h2>\n<p>[\/vc_column_text][vc_column_text]Um keinen falschen Eindruck zu erwecken: Auch wenn wir uns hier nur auf die Darstellung der Bergamont Highlights f\u00fcr das Modelljahr beschr\u00e4nkt haben, so hat der norddeutsche Hersteller nat\u00fcrlich auch die \u00fcbrige Modellpalette technisch auf den neuesten Stand gebracht und fast durchg\u00e4ngig mit der allerneuesten Bosch Technologie ausgestattet. Der Einsatz von &#8222;Dual Akku&#8220; L\u00f6sungen ist derzeit (noch) exklusiv auf das Cargoville LJ beschr\u00e4nkt.[\/vc_column_text][\/vc_column][\/vc_row][vc_row][vc_column width=&#8220;1\/1&#8243;]<a href=\"https:\/\/www.facebook.com\/groups\/483142135792282\/\" target=\"_self\" class=\"button blue full \" style=\"border-radius: 10px;\">Teile deine Erfahrungen mit unserer E-Bike Community auf Facebook &gt;&gt;&gt;<\/a>[\/vc_column][\/vc_row][vc_row][vc_column width=&#8220;1\/1&#8243;]<a href=\"https:\/\/www.fahrrad-xxl.atfahrraeder\/e-bike\/marke.bergamont\/saison.2020\/?o=docscore\" target=\"_self\" class=\"button red full \" style=\"border-radius: 10px;\">Die ersten Bergamont Modelle der Generation 2020 findest du hier in unserem Shop &gt;&gt;&gt;<\/a>[\/vc_column][\/vc_row][vc_section][\/vc_section]<\/p>\n<\/section>","protected":false},"excerpt":{"rendered":"<p>[vc_row][vc_column width=&#8220;1\/1&#8243;][vc_column_text]Das Jahr 2020 steht bei Bergamont f\u00fcr die Erschlie\u00dfung neuer Segmente und die Anpassung an Markt und Mitbewerber. Die Eckdaten der neuen Produkte k\u00f6nnen sich sehen lassen und sind mit den Wettbewerb allemal auf Augenh\u00f6he. Wie es scheint kommt an dem Thema &#8222;Cargo Bike&#8220; mittlerweile kaum ein namhafter Hersteller mehr vorbei. Mit dem E-Cargoville LJ 70 positioniert sich Bergamont mit modernster Technik gegen etablierte Player auf diesem speziellen Sektor. Mit dem massivem Bambusboden setzt Bergamont ein weiteres Zeichen in Sachen Umweltbewusstsein.[\/vc_column_text][\/vc_column][\/vc_row][vc_row][vc_column width=&#8220;1\/1&#8243;][vc_column_text] Bergamont E-Horizon FS Elite 2020 [\/vc_column_text][\/vc_column][\/vc_row][vc_row][vc_column width=&#8220;1\/2&#8243;][\/vc_column][vc_column width=&#8220;1\/2&#8243;][vc_column_text]Bergamont E-Horizon FS Elite Das FS Elite ist neben der Speed Variante das Top Model der weiterentwickelten E-Horizon Serie in der Full Suspension Variante. Nat\u00fcrlich hat das Bike die neueste Bosch Technologie mit dem Performance Line CX Gen.4 Motor genauso mit an Bord wie den voll integrierten 625 WH Akku und eine maximale Konnektivit\u00e4t via Kiox Display. Die weiteren Features: Shimano XT 12-Gang Schaltung 100 mm Suntour Mobie 25 Federgabel, luftunterst\u00fctzt Suntour UNAir R8, 80 mm, Lockout 180 mm Bremsscheiben vorne\/hinten B&amp;M Scheinwerfer mit 80 Lux Das Bike kommt mit Unisex Geometrie, mit geringer \u00dcberstandsh\u00f6he und tiefgezogenem Oberrohr. Neben dem FS Elite und der bereits erw\u00e4hnten Speed Variante runden das [&hellip;]<\/p>\n","protected":false},"author":1,"featured_media":0,"parent":0,"menu_order":0,"comment_status":"closed","ping_status":"closed","template":"","meta":[],"yoast_head":"<!-- This site is optimized with the Yoast SEO plugin v19.10 - https:\/\/yoast.com\/wordpress\/plugins\/seo\/ -->\n<title>Sidebar Test - Fahrrad XXL AT Blog<\/title>\n<meta name=\"robots\" content=\"index, follow, max-snippet:-1, max-image-preview:large, max-video-preview:-1\" \/>\n<link rel=\"canonical\" href=\"https:\/\/www.fahrrad-xxl.at\/blog\/sidebar-test\/\" \/>\n<meta property=\"og:locale\" content=\"de_DE\" \/>\n<meta property=\"og:type\" content=\"article\" \/>\n<meta property=\"og:title\" content=\"Sidebar Test - Fahrrad XXL AT Blog\" \/>\n<meta property=\"og:description\" content=\"[vc_row][vc_column width=&#8220;1\/1&#8243;][vc_column_text]Das Jahr 2020 steht bei Bergamont f\u00fcr die Erschlie\u00dfung neuer Segmente und die Anpassung an Markt und Mitbewerber. Die Eckdaten der neuen Produkte k\u00f6nnen sich sehen lassen und sind mit den Wettbewerb allemal auf Augenh\u00f6he. Wie es scheint kommt an dem Thema &#8222;Cargo Bike&#8220; mittlerweile kaum ein namhafter Hersteller mehr vorbei. Mit dem E-Cargoville LJ 70 positioniert sich Bergamont mit modernster Technik gegen etablierte Player auf diesem speziellen Sektor. Mit dem massivem Bambusboden setzt Bergamont ein weiteres Zeichen in Sachen Umweltbewusstsein.[\/vc_column_text][\/vc_column][\/vc_row][vc_row][vc_column width=&#8220;1\/1&#8243;][vc_column_text] Bergamont E-Horizon FS Elite 2020 [\/vc_column_text][\/vc_column][\/vc_row][vc_row][vc_column width=&#8220;1\/2&#8243;][\/vc_column][vc_column width=&#8220;1\/2&#8243;][vc_column_text]Bergamont E-Horizon FS Elite Das FS Elite ist neben der Speed Variante das Top Model der weiterentwickelten E-Horizon Serie in der Full Suspension Variante. Nat\u00fcrlich hat das Bike die neueste Bosch Technologie mit dem Performance Line CX Gen.4 Motor genauso mit an Bord wie den voll integrierten 625 WH Akku und eine maximale Konnektivit\u00e4t via Kiox Display. Die weiteren Features: Shimano XT 12-Gang Schaltung 100 mm Suntour Mobie 25 Federgabel, luftunterst\u00fctzt Suntour UNAir R8, 80 mm, Lockout 180 mm Bremsscheiben vorne\/hinten B&amp;M Scheinwerfer mit 80 Lux Das Bike kommt mit Unisex Geometrie, mit geringer \u00dcberstandsh\u00f6he und tiefgezogenem Oberrohr. Neben dem FS Elite und der bereits erw\u00e4hnten Speed Variante runden das [&hellip;]\" \/>\n<meta property=\"og:url\" content=\"https:\/\/www.fahrrad-xxl.at\/blog\/sidebar-test\/\" \/>\n<meta property=\"og:site_name\" content=\"Fahrrad XXL AT Blog\" \/>\n<meta property=\"article:publisher\" content=\"https:\/\/www.facebook.com\/FahrradXXL\" \/>\n<meta property=\"article:modified_time\" content=\"2019-10-30T12:39:10+00:00\" \/>\n<meta name=\"twitter:card\" content=\"summary_large_image\" \/>\n<meta name=\"twitter:label1\" content=\"Gesch\u00e4tzte Lesezeit\" \/>\n\t<meta name=\"twitter:data1\" content=\"6\u00a0Minuten\" \/>\n<script type=\"application\/ld+json\" class=\"yoast-schema-graph\">{\"@context\":\"https:\/\/schema.org\",\"@graph\":[{\"@type\":\"WebPage\",\"@id\":\"https:\/\/www.fahrrad-xxl.at\/blog\/sidebar-test\/\",\"url\":\"https:\/\/www.fahrrad-xxl.at\/blog\/sidebar-test\/\",\"name\":\"Sidebar Test - Fahrrad XXL AT Blog\",\"isPartOf\":{\"@id\":\"https:\/\/www.fahrrad-xxl.at\/blog\/#website\"},\"datePublished\":\"2019-10-30T10:36:19+00:00\",\"dateModified\":\"2019-10-30T12:39:10+00:00\",\"breadcrumb\":{\"@id\":\"https:\/\/www.fahrrad-xxl.at\/blog\/sidebar-test\/#breadcrumb\"},\"inLanguage\":\"de\",\"potentialAction\":[{\"@type\":\"ReadAction\",\"target\":[\"https:\/\/www.fahrrad-xxl.at\/blog\/sidebar-test\/\"]}]},{\"@type\":\"BreadcrumbList\",\"@id\":\"https:\/\/www.fahrrad-xxl.at\/blog\/sidebar-test\/#breadcrumb\",\"itemListElement\":[{\"@type\":\"ListItem\",\"position\":1,\"name\":\"Startseite\",\"item\":\"https:\/\/www.fahrrad-xxl.at\/blog\/\"},{\"@type\":\"ListItem\",\"position\":2,\"name\":\"Sidebar Test\"}]},{\"@type\":\"WebSite\",\"@id\":\"https:\/\/www.fahrrad-xxl.at\/blog\/#website\",\"url\":\"https:\/\/www.fahrrad-xxl.at\/blog\/\",\"name\":\"Fahrrad XXL AT Blog\",\"description\":\"Erleben | Testen | Losfahren\",\"publisher\":{\"@id\":\"https:\/\/www.fahrrad-xxl.at\/blog\/#organization\"},\"potentialAction\":[{\"@type\":\"SearchAction\",\"target\":{\"@type\":\"EntryPoint\",\"urlTemplate\":\"https:\/\/www.fahrrad-xxl.at\/blog\/?s={search_term_string}\"},\"query-input\":\"required name=search_term_string\"}],\"inLanguage\":\"de\"},{\"@type\":\"Organization\",\"@id\":\"https:\/\/www.fahrrad-xxl.at\/blog\/#organization\",\"name\":\"Fahrrad XXL\",\"url\":\"https:\/\/www.fahrrad-xxl.at\/blog\/\",\"logo\":{\"@type\":\"ImageObject\",\"inLanguage\":\"de\",\"@id\":\"https:\/\/www.fahrrad-xxl.at\/blog\/#\/schema\/logo\/image\/\",\"url\":\"https:\/\/www.fahrrad-xxl.at\/blog\/wp-content\/uploads\/2018\/03\/FXXL-Blog-Logo-100-c.png\",\"contentUrl\":\"https:\/\/www.fahrrad-xxl.at\/blog\/wp-content\/uploads\/2018\/03\/FXXL-Blog-Logo-100-c.png\",\"width\":450,\"height\":100,\"caption\":\"Fahrrad XXL\"},\"image\":{\"@id\":\"https:\/\/www.fahrrad-xxl.at\/blog\/#\/schema\/logo\/image\/\"},\"sameAs\":[\"https:\/\/www.instagram.com\/fahrradxxl\/\",\"https:\/\/www.youtube.com\/user\/FahrradXXLde\",\"https:\/\/www.facebook.com\/FahrradXXL\"]}]}<\/script>\n<!-- \/ Yoast SEO plugin. -->","yoast_head_json":{"title":"Sidebar Test - Fahrrad XXL AT Blog","robots":{"index":"index","follow":"follow","max-snippet":"max-snippet:-1","max-image-preview":"max-image-preview:large","max-video-preview":"max-video-preview:-1"},"canonical":"https:\/\/www.fahrrad-xxl.at\/blog\/sidebar-test\/","og_locale":"de_DE","og_type":"article","og_title":"Sidebar Test - Fahrrad XXL AT Blog","og_description":"[vc_row][vc_column width=&#8220;1\/1&#8243;][vc_column_text]Das Jahr 2020 steht bei Bergamont f\u00fcr die Erschlie\u00dfung neuer Segmente und die Anpassung an Markt und Mitbewerber. Die Eckdaten der neuen Produkte k\u00f6nnen sich sehen lassen und sind mit den Wettbewerb allemal auf Augenh\u00f6he. Wie es scheint kommt an dem Thema &#8222;Cargo Bike&#8220; mittlerweile kaum ein namhafter Hersteller mehr vorbei. Mit dem E-Cargoville LJ 70 positioniert sich Bergamont mit modernster Technik gegen etablierte Player auf diesem speziellen Sektor. Mit dem massivem Bambusboden setzt Bergamont ein weiteres Zeichen in Sachen Umweltbewusstsein.[\/vc_column_text][\/vc_column][\/vc_row][vc_row][vc_column width=&#8220;1\/1&#8243;][vc_column_text] Bergamont E-Horizon FS Elite 2020 [\/vc_column_text][\/vc_column][\/vc_row][vc_row][vc_column width=&#8220;1\/2&#8243;][\/vc_column][vc_column width=&#8220;1\/2&#8243;][vc_column_text]Bergamont E-Horizon FS Elite Das FS Elite ist neben der Speed Variante das Top Model der weiterentwickelten E-Horizon Serie in der Full Suspension Variante. Nat\u00fcrlich hat das Bike die neueste Bosch Technologie mit dem Performance Line CX Gen.4 Motor genauso mit an Bord wie den voll integrierten 625 WH Akku und eine maximale Konnektivit\u00e4t via Kiox Display. Die weiteren Features: Shimano XT 12-Gang Schaltung 100 mm Suntour Mobie 25 Federgabel, luftunterst\u00fctzt Suntour UNAir R8, 80 mm, Lockout 180 mm Bremsscheiben vorne\/hinten B&amp;M Scheinwerfer mit 80 Lux Das Bike kommt mit Unisex Geometrie, mit geringer \u00dcberstandsh\u00f6he und tiefgezogenem Oberrohr. Neben dem FS Elite und der bereits erw\u00e4hnten Speed Variante runden das [&hellip;]","og_url":"https:\/\/www.fahrrad-xxl.at\/blog\/sidebar-test\/","og_site_name":"Fahrrad XXL AT Blog","article_publisher":"https:\/\/www.facebook.com\/FahrradXXL","article_modified_time":"2019-10-30T12:39:10+00:00","twitter_card":"summary_large_image","twitter_misc":{"Gesch\u00e4tzte Lesezeit":"6\u00a0Minuten"},"schema":{"@context":"https:\/\/schema.org","@graph":[{"@type":"WebPage","@id":"https:\/\/www.fahrrad-xxl.at\/blog\/sidebar-test\/","url":"https:\/\/www.fahrrad-xxl.at\/blog\/sidebar-test\/","name":"Sidebar Test - Fahrrad XXL AT Blog","isPartOf":{"@id":"https:\/\/www.fahrrad-xxl.at\/blog\/#website"},"datePublished":"2019-10-30T10:36:19+00:00","dateModified":"2019-10-30T12:39:10+00:00","breadcrumb":{"@id":"https:\/\/www.fahrrad-xxl.at\/blog\/sidebar-test\/#breadcrumb"},"inLanguage":"de","potentialAction":[{"@type":"ReadAction","target":["https:\/\/www.fahrrad-xxl.at\/blog\/sidebar-test\/"]}]},{"@type":"BreadcrumbList","@id":"https:\/\/www.fahrrad-xxl.at\/blog\/sidebar-test\/#breadcrumb","itemListElement":[{"@type":"ListItem","position":1,"name":"Startseite","item":"https:\/\/www.fahrrad-xxl.at\/blog\/"},{"@type":"ListItem","position":2,"name":"Sidebar Test"}]},{"@type":"WebSite","@id":"https:\/\/www.fahrrad-xxl.at\/blog\/#website","url":"https:\/\/www.fahrrad-xxl.at\/blog\/","name":"Fahrrad XXL AT Blog","description":"Erleben | Testen | Losfahren","publisher":{"@id":"https:\/\/www.fahrrad-xxl.at\/blog\/#organization"},"potentialAction":[{"@type":"SearchAction","target":{"@type":"EntryPoint","urlTemplate":"https:\/\/www.fahrrad-xxl.at\/blog\/?s={search_term_string}"},"query-input":"required name=search_term_string"}],"inLanguage":"de"},{"@type":"Organization","@id":"https:\/\/www.fahrrad-xxl.at\/blog\/#organization","name":"Fahrrad XXL","url":"https:\/\/www.fahrrad-xxl.at\/blog\/","logo":{"@type":"ImageObject","inLanguage":"de","@id":"https:\/\/www.fahrrad-xxl.at\/blog\/#\/schema\/logo\/image\/","url":"https:\/\/www.fahrrad-xxl.at\/blog\/wp-content\/uploads\/2018\/03\/FXXL-Blog-Logo-100-c.png","contentUrl":"https:\/\/www.fahrrad-xxl.at\/blog\/wp-content\/uploads\/2018\/03\/FXXL-Blog-Logo-100-c.png","width":450,"height":100,"caption":"Fahrrad XXL"},"image":{"@id":"https:\/\/www.fahrrad-xxl.at\/blog\/#\/schema\/logo\/image\/"},"sameAs":["https:\/\/www.instagram.com\/fahrradxxl\/","https:\/\/www.youtube.com\/user\/FahrradXXLde","https:\/\/www.facebook.com\/FahrradXXL"]}]}},"_links":{"self":[{"href":"https:\/\/www.fahrrad-xxl.at\/blog\/wp-json\/wp\/v2\/pages\/27166"}],"collection":[{"href":"https:\/\/www.fahrrad-xxl.at\/blog\/wp-json\/wp\/v2\/pages"}],"about":[{"href":"https:\/\/www.fahrrad-xxl.at\/blog\/wp-json\/wp\/v2\/types\/page"}],"author":[{"embeddable":true,"href":"https:\/\/www.fahrrad-xxl.at\/blog\/wp-json\/wp\/v2\/users\/1"}],"replies":[{"embeddable":true,"href":"https:\/\/www.fahrrad-xxl.at\/blog\/wp-json\/wp\/v2\/comments?post=27166"}],"version-history":[{"count":0,"href":"https:\/\/www.fahrrad-xxl.at\/blog\/wp-json\/wp\/v2\/pages\/27166\/revisions"}],"wp:attachment":[{"href":"https:\/\/www.fahrrad-xxl.at\/blog\/wp-json\/wp\/v2\/media?parent=27166"}],"curies":[{"name":"wp","href":"https:\/\/api.w.org\/{rel}","templated":true}]}}